{"id":6369,"date":"2021-12-01T08:21:34","date_gmt":"2021-12-01T15:21:34","guid":{"rendered":"https:\/\/nwttimeline.wpengine.com\/?page_id=6369"},"modified":"2023-04-21T12:50:41","modified_gmt":"2023-04-21T18:50:41","slug":"a-propos-de-linitiative","status":"publish","type":"page","link":"https:\/\/www.nwttimeline.ca\/fr\/a-propos-de-linitiative\/","title":{"rendered":"\u00c0 propos de l\u2019initiative"},"content":{"rendered":"<p>Bienvenue \u00e0 la Chronologie des TNO, une histoire des Territoires du Nord-Ouest, au Canada, illustr\u00e9e par des artefacts, des photographies et des documents du Centre du patrimoine septentrional Prince-de-Galles\u00a0<a href=\"https:\/\/www.pwnhc.ca\/fr\/\" target=\"_blank\" rel=\"noopener\">(pwnhc.ca\/fr)<\/a> et des Archives des TNO\u00a0<a href=\"https:\/\/www.nwtarchives.ca\/fr\/index.asp\" target=\"_blank\" rel=\"noopener\">(nwtarchives.ca\/fr)<\/a>. Ce site Web a \u00e9t\u00e9 cr\u00e9\u00e9 par le minist\u00e8re de l\u2019\u00c9ducation, de la Culture et de la Formation\u00a0du gouvernement des Territoires du Nord-Ouest <a href=\"https:\/\/www.ece.gov.nt.ca\/fr\" target=\"_blank\" rel=\"noopener\">(ece.gov.nt.ca\/fr)<\/a>.<\/p>\n<p>Faites d\u00e9filer les \u00e9poques pour d\u00e9couvrir l\u2019histoire riche et vari\u00e9e de ce territoire magnifique et diversifi\u00e9. Les objets et les photos de chaque histoire \u00e9tablissent des liens avec l\u2019\u00e9poque, les gens et le territoire, font replonger les lecteurs dans le pass\u00e9 et soulignent des \u00e9v\u00e9nements et des personnes qui m\u00e9ritent d\u2019\u00eatre comm\u00e9mor\u00e9s.<\/p>\n<p>Les \u00e9l\u00e8ves et les enseignants y trouveront des sources primaires qui les aideront \u00e0 aborder l\u2019histoire en classe.<\/p>\n<p><strong>Naviguer \u00e0 travers le site<\/strong><\/p>\n<p>Les <a href=\"https:\/\/nwttimeline.wpengine.com\/fr\/recits\/\">r\u00e9cits<\/a> pr\u00e9sent\u00e9s sur ce site sont class\u00e9s dans l\u2019ordre dans lequel ils se sont produits. Les r\u00e9cits sont regroup\u00e9s par <a href=\"https:\/\/nwttimeline.wpengine.com\/fr\/eras\/\">\u00e9poques<\/a>, \u00e0 savoir les p\u00e9riodes au cours ils se sont d\u00e9roul\u00e9s.<\/p>\n<p>Vous pouvez interagir avec ce site Web de diverses fa\u00e7ons\u00a0:<\/p>\n<ul>\n<li>Faites d\u00e9filer les \u00e9poques horizontalement sur la <a href=\"https:\/\/nwttimeline.wpengine.com\/fr\/\"><strong>page d\u2019accueil<\/strong><\/a> \u00e0 l\u2019aide des grandes fl\u00e8ches blanches. Chaque \u00e9poque renferme une liste d\u00e9roulante contenant de nombreux r\u00e9cits.<\/li>\n<li>Faites d\u00e9filer verticalement la liste des <a href=\"https:\/\/nwttimeline.wpengine.com\/fr\/recits\/\"><strong>r\u00e9cits<\/strong><\/a>.<\/li>\n<li><a href=\"https:\/\/nwttimeline.wpengine.com\/fr\/rechercher\/\"><strong>Recherchez<\/strong><\/a> un r\u00e9cit qui vous int\u00e9resse \u00e0 l\u2019aide de mots-cl\u00e9s.<\/li>\n<li>Consultez les r\u00e9cits par <a href=\"https:\/\/nwttimeline.wpengine.com\/fr\/eras\/\"><strong>\u00e9poques<\/strong><\/a>.<\/li>\n<\/ul>\n<p><strong>Nous joindre<\/strong><\/p>\n<p>L\u2019histoire des Territoires du Nord-Ouest est \u00e0 l\u2019image des rivi\u00e8res qui fa\u00e7onnent le territoire, toujours en mouvement, changeantes et fluides. La Chronologie des TNO n\u2019a pas de fin; c\u2019est ainsi que nous l\u2019avons con\u00e7ue. Si vous avez des anecdotes \u00e0 nous transmettre ou si vous remarquez des oublis de notre part, n\u2019h\u00e9sitez pas \u00e0 communiquer avec nous par courriel \u00e0 <a href=\"mailto:nwttimeline@gov.nt.ca\">nwttimeline@gov.nt.ca<\/a>, et nous nous ferons un plaisir d\u2019examiner vos suggestions.<\/p>\n","protected":false},"excerpt":{"rendered":"<p>Bienvenue \u00e0 la Chronologie des TNO, une histoire des Territoires du Nord-Ouest, au Canada, illustr\u00e9e par des artefacts, des photographies et des documents du Centre du patrimoine septentrional Prince-de-Galles\u00a0(pwnhc.ca\/fr) et des Archives des TNO\u00a0(nwtarchives.ca\/fr). Ce site Web a \u00e9t\u00e9 cr\u00e9\u00e9 par le minist\u00e8re de l\u2019\u00c9ducation, de la Culture et de la Formation\u00a0du gouvernement des Territoires [&#8230;]<\/p>\n<p><a class=\"btn btn-secondary understrap-learn-more-link\" href=\"https:\/\/www.nwttimeline.ca\/fr\/a-propos-de-linitiative\/\">En savoir plus<\/a><\/p>\n","protected":false},"author":1,"featured_media":0,"parent":0,"menu_order":0,"comment_status":"closed","ping_status":"closed","template":"","meta":{"_acf_changed":false,"footnotes":""},"class_list":["post-6369","page","type-page","status-publish","hentry"],"acf":[],"yoast_head":"<!-- This site is optimized with the Yoast SEO plugin v27.5 - https:\/\/yoast.com\/product\/yoast-seo-wordpress\/ -->\n<title>\u00c0 propos de l\u2019initiative - Northwest Territories Timeline<\/title>\n<meta name=\"robots\" content=\"index, follow, max-snippet:-1, max-image-preview:large, max-video-preview:-1\" \/>\n<link rel=\"canonical\" href=\"https:\/\/www.nwttimeline.ca\/fr\/a-propos-de-linitiative\/\" \/>\n<meta property=\"og:locale\" content=\"fr_FR\" \/>\n<meta property=\"og:type\" content=\"article\" \/>\n<meta property=\"og:title\" content=\"\u00c0 propos de l\u2019initiative - Northwest Territories Timeline\" \/>\n<meta property=\"og:description\" content=\"Bienvenue \u00e0 la Chronologie des TNO, une histoire des Territoires du Nord-Ouest, au Canada, illustr\u00e9e par des artefacts, des photographies et des documents du Centre du patrimoine septentrional Prince-de-Galles\u00a0(pwnhc.ca\/fr) et des Archives des TNO\u00a0(nwtarchives.ca\/fr). Ce site Web a \u00e9t\u00e9 cr\u00e9\u00e9 par le minist\u00e8re de l\u2019\u00c9ducation, de la Culture et de la Formation\u00a0du gouvernement des Territoires [...]En savoir plus\" \/>\n<meta property=\"og:url\" content=\"https:\/\/www.nwttimeline.ca\/fr\/a-propos-de-linitiative\/\" \/>\n<meta property=\"og:site_name\" content=\"Northwest Territories Timeline\" \/>\n<meta property=\"article:modified_time\" content=\"2023-04-21T18:50:41+00:00\" \/>\n<meta name=\"twitter:card\" content=\"summary_large_image\" \/>\n<script type=\"application\/ld+json\" class=\"yoast-schema-graph\">{\"@context\":\"https:\\\/\\\/schema.org\",\"@graph\":[{\"@type\":\"WebPage\",\"@id\":\"https:\\\/\\\/www.nwttimeline.ca\\\/fr\\\/a-propos-de-linitiative\\\/\",\"url\":\"https:\\\/\\\/www.nwttimeline.ca\\\/fr\\\/a-propos-de-linitiative\\\/\",\"name\":\"\u00c0 propos de l\u2019initiative - Northwest Territories Timeline\",\"isPartOf\":{\"@id\":\"https:\\\/\\\/www.nwttimeline.ca\\\/#website\"},\"datePublished\":\"2021-12-01T15:21:34+00:00\",\"dateModified\":\"2023-04-21T18:50:41+00:00\",\"breadcrumb\":{\"@id\":\"https:\\\/\\\/www.nwttimeline.ca\\\/fr\\\/a-propos-de-linitiative\\\/#breadcrumb\"},\"inLanguage\":\"fr-FR\",\"potentialAction\":[{\"@type\":\"ReadAction\",\"target\":[\"https:\\\/\\\/www.nwttimeline.ca\\\/fr\\\/a-propos-de-linitiative\\\/\"]}]},{\"@type\":\"BreadcrumbList\",\"@id\":\"https:\\\/\\\/www.nwttimeline.ca\\\/fr\\\/a-propos-de-linitiative\\\/#breadcrumb\",\"itemListElement\":[{\"@type\":\"ListItem\",\"position\":1,\"name\":\"Home\",\"item\":\"https:\\\/\\\/www.nwttimeline.ca\\\/fr\\\/parcourez-lhistoire-des-territoires-du-nord-ouest\\\/\"},{\"@type\":\"ListItem\",\"position\":2,\"name\":\"\u00c0 propos de l\u2019initiative\"}]},{\"@type\":\"WebSite\",\"@id\":\"https:\\\/\\\/www.nwttimeline.ca\\\/#website\",\"url\":\"https:\\\/\\\/www.nwttimeline.ca\\\/\",\"name\":\"Northwest Territories Timeline\",\"description\":\"Historical Timeline of the Northwest Territories\",\"potentialAction\":[{\"@type\":\"SearchAction\",\"target\":{\"@type\":\"EntryPoint\",\"urlTemplate\":\"https:\\\/\\\/www.nwttimeline.ca\\\/?s={search_term_string}\"},\"query-input\":{\"@type\":\"PropertyValueSpecification\",\"valueRequired\":true,\"valueName\":\"search_term_string\"}}],\"inLanguage\":\"fr-FR\"}]}<\/script>\n<!-- \/ Yoast SEO plugin. -->","yoast_head_json":{"title":"\u00c0 propos de l\u2019initiative - Northwest Territories Timeline","robots":{"index":"index","follow":"follow","max-snippet":"max-snippet:-1","max-image-preview":"max-image-preview:large","max-video-preview":"max-video-preview:-1"},"canonical":"https:\/\/www.nwttimeline.ca\/fr\/a-propos-de-linitiative\/","og_locale":"fr_FR","og_type":"article","og_title":"\u00c0 propos de l\u2019initiative - Northwest Territories Timeline","og_description":"Bienvenue \u00e0 la Chronologie des TNO, une histoire des Territoires du Nord-Ouest, au Canada, illustr\u00e9e par des artefacts, des photographies et des documents du Centre du patrimoine septentrional Prince-de-Galles\u00a0(pwnhc.ca\/fr) et des Archives des TNO\u00a0(nwtarchives.ca\/fr). Ce site Web a \u00e9t\u00e9 cr\u00e9\u00e9 par le minist\u00e8re de l\u2019\u00c9ducation, de la Culture et de la Formation\u00a0du gouvernement des Territoires [...]En savoir plus","og_url":"https:\/\/www.nwttimeline.ca\/fr\/a-propos-de-linitiative\/","og_site_name":"Northwest Territories Timeline","article_modified_time":"2023-04-21T18:50:41+00:00","twitter_card":"summary_large_image","schema":{"@context":"https:\/\/schema.org","@graph":[{"@type":"WebPage","@id":"https:\/\/www.nwttimeline.ca\/fr\/a-propos-de-linitiative\/","url":"https:\/\/www.nwttimeline.ca\/fr\/a-propos-de-linitiative\/","name":"\u00c0 propos de l\u2019initiative - Northwest Territories Timeline","isPartOf":{"@id":"https:\/\/www.nwttimeline.ca\/#website"},"datePublished":"2021-12-01T15:21:34+00:00","dateModified":"2023-04-21T18:50:41+00:00","breadcrumb":{"@id":"https:\/\/www.nwttimeline.ca\/fr\/a-propos-de-linitiative\/#breadcrumb"},"inLanguage":"fr-FR","potentialAction":[{"@type":"ReadAction","target":["https:\/\/www.nwttimeline.ca\/fr\/a-propos-de-linitiative\/"]}]},{"@type":"BreadcrumbList","@id":"https:\/\/www.nwttimeline.ca\/fr\/a-propos-de-linitiative\/#breadcrumb","itemListElement":[{"@type":"ListItem","position":1,"name":"Home","item":"https:\/\/www.nwttimeline.ca\/fr\/parcourez-lhistoire-des-territoires-du-nord-ouest\/"},{"@type":"ListItem","position":2,"name":"\u00c0 propos de l\u2019initiative"}]},{"@type":"WebSite","@id":"https:\/\/www.nwttimeline.ca\/#website","url":"https:\/\/www.nwttimeline.ca\/","name":"Northwest Territories Timeline","description":"Historical Timeline of the Northwest Territories","potentialAction":[{"@type":"SearchAction","target":{"@type":"EntryPoint","urlTemplate":"https:\/\/www.nwttimeline.ca\/?s={search_term_string}"},"query-input":{"@type":"PropertyValueSpecification","valueRequired":true,"valueName":"search_term_string"}}],"inLanguage":"fr-FR"}]}},"_links":{"self":[{"href":"https:\/\/www.nwttimeline.ca\/fr\/wp-json\/wp\/v2\/pages\/6369","targetHints":{"allow":["GET"]}}],"collection":[{"href":"https:\/\/www.nwttimeline.ca\/fr\/wp-json\/wp\/v2\/pages"}],"about":[{"href":"https:\/\/www.nwttimeline.ca\/fr\/wp-json\/wp\/v2\/types\/page"}],"author":[{"embeddable":true,"href":"https:\/\/www.nwttimeline.ca\/fr\/wp-json\/wp\/v2\/users\/1"}],"replies":[{"embeddable":true,"href":"https:\/\/www.nwttimeline.ca\/fr\/wp-json\/wp\/v2\/comments?post=6369"}],"version-history":[{"count":0,"href":"https:\/\/www.nwttimeline.ca\/fr\/wp-json\/wp\/v2\/pages\/6369\/revisions"}],"wp:attachment":[{"href":"https:\/\/www.nwttimeline.ca\/fr\/wp-json\/wp\/v2\/media?parent=6369"}],"curies":[{"name":"wp","href":"https:\/\/api.w.org\/{rel}","templated":true}]}}